{"id":109,"date":"2025-10-11T17:45:55","date_gmt":"2025-10-11T15:45:55","guid":{"rendered":"https:\/\/adnormae.fr\/?page_id=109"},"modified":"2026-01-29T10:01:18","modified_gmt":"2026-01-29T09:01:18","slug":"confidentiel","status":"publish","type":"page","link":"https:\/\/adnormae.fr\/index.php\/confidentiel\/","title":{"rendered":"Confidentiel"},"content":{"rendered":"","protected":true},"excerpt":{"rendered":"","protected":true},"author":1,"featured_media":0,"parent":0,"menu_order":0,"comment_status":"closed","ping_status":"closed","template":"","meta":{"footnotes":"[{\"content\":\"<em>Hors frais de d\u00e9placement incluant trajet de plus de 50 km en voiture, trajet en transports en communs et nuit\u00e9e, le cas \u00e9ch\u00e9ant<\/em>\",\"id\":\"bd87dabe-a208-41c7-a02c-fe35eb671ac0\"},{\"content\":\"<em>Une certification n\u00e9cessitant en moyenne 1 an avant pr\u00e9sentation du dossier, le solde sera g\u00e9n\u00e9ralement pass\u00e9 sur l'exercice suivant.<\/em>\",\"id\":\"d1e91350-6205-4174-8e3f-2a7e7e205ef1\"},{\"content\":\"<em>Ind\u00e9pendant du nombre de d\u00e9placements et de r\u00e9unions - tableau d'activit\u00e9 mensuel<\/em>\",\"id\":\"ba496551-123a-4ef7-bacc-c645ad89daec\"}]"},"class_list":["post-109","page","type-page","status-publish","post-password-required","hentry"],"yoast_head":"<!-- This site is optimized with the Yoast SEO plugin v27.2 - https:\/\/yoast.com\/product\/yoast-seo-wordpress\/ -->\n<title>Confidentiel - Fabien Perez<\/title>\n<meta name=\"robots\" content=\"index, follow, max-snippet:-1, max-image-preview:large, max-video-preview:-1\" \/>\n<link rel=\"canonical\" href=\"https:\/\/adnormae.fr\/index.php\/confidentiel\/\" \/>\n<meta property=\"og:locale\" content=\"fr_FR\" \/>\n<meta property=\"og:type\" content=\"article\" \/>\n<meta property=\"og:title\" content=\"Confidentiel - Fabien Perez\" \/>\n<meta property=\"og:description\" content=\"Il n\u2019y a pas d\u2019extrait, car cette publication est prot\u00e9g\u00e9e.\" \/>\n<meta property=\"og:url\" content=\"https:\/\/adnormae.fr\/index.php\/confidentiel\/\" \/>\n<meta property=\"og:site_name\" content=\"Fabien Perez\" \/>\n<meta property=\"article:modified_time\" content=\"2026-01-29T09:01:18+00:00\" \/>\n<meta name=\"twitter:card\" content=\"summary_large_image\" \/>\n<meta name=\"twitter:label1\" content=\"Dur\u00e9e de lecture estim\u00e9e\" \/>\n\t<meta name=\"twitter:data1\" content=\"1 minute\" \/>\n<script type=\"application\/ld+json\" class=\"yoast-schema-graph\">{\"@context\":\"https:\/\/schema.org\",\"@graph\":[{\"@type\":\"WebPage\",\"@id\":\"https:\/\/adnormae.fr\/index.php\/confidentiel\/\",\"url\":\"https:\/\/adnormae.fr\/index.php\/confidentiel\/\",\"name\":\"Confidentiel - Fabien Perez\",\"isPartOf\":{\"@id\":\"https:\/\/adnormae.fr\/#website\"},\"datePublished\":\"2025-10-11T15:45:55+00:00\",\"dateModified\":\"2026-01-29T09:01:18+00:00\",\"breadcrumb\":{\"@id\":\"https:\/\/adnormae.fr\/index.php\/confidentiel\/#breadcrumb\"},\"inLanguage\":\"fr-FR\"},{\"@type\":\"WebSite\",\"@id\":\"https:\/\/adnormae.fr\/#website\",\"url\":\"https:\/\/adnormae.fr\/\",\"name\":\"Fabien Perez\",\"description\":\"Conseil, Assistance, Transition et Formation en Homologation et Certification Produits et Solutions et en Veille Normative \",\"publisher\":{\"@id\":\"https:\/\/adnormae.fr\/#organization\"},\"potentialAction\":[{\"@type\":\"SearchAction\",\"target\":{\"@type\":\"EntryPoint\",\"urlTemplate\":\"https:\/\/adnormae.fr\/?s={search_term_string}\"},\"query-input\":{\"@type\":\"PropertyValueSpecification\",\"valueRequired\":true,\"valueName\":\"search_term_string\"}}],\"inLanguage\":\"fr-FR\"},{\"@type\":\"Organization\",\"@id\":\"https:\/\/adnormae.fr\/#organization\",\"name\":\"Fabien Perez\",\"url\":\"https:\/\/adnormae.fr\/\",\"logo\":{\"@type\":\"ImageObject\",\"inLanguage\":\"fr-FR\",\"@id\":\"https:\/\/adnormae.fr\/#\/schema\/logo\/image\/\",\"url\":\"https:\/\/adnormae.fr\/wp-content\/uploads\/2025\/03\/cropped-Logo-et-Baseline-complets.png\",\"contentUrl\":\"https:\/\/adnormae.fr\/wp-content\/uploads\/2025\/03\/cropped-Logo-et-Baseline-complets.png\",\"width\":1631,\"height\":612,\"caption\":\"Fabien Perez\"},\"image\":{\"@id\":\"https:\/\/adnormae.fr\/#\/schema\/logo\/image\/\"}}]}<\/script>\n<!-- \/ Yoast SEO plugin. -->","yoast_head_json":{"title":"Confidentiel - Fabien Perez","robots":{"index":"index","follow":"follow","max-snippet":"max-snippet:-1","max-image-preview":"max-image-preview:large","max-video-preview":"max-video-preview:-1"},"canonical":"https:\/\/adnormae.fr\/index.php\/confidentiel\/","og_locale":"fr_FR","og_type":"article","og_title":"Confidentiel - Fabien Perez","og_description":"Il n\u2019y a pas d\u2019extrait, car cette publication est prot\u00e9g\u00e9e.","og_url":"https:\/\/adnormae.fr\/index.php\/confidentiel\/","og_site_name":"Fabien Perez","article_modified_time":"2026-01-29T09:01:18+00:00","twitter_card":"summary_large_image","twitter_misc":{"Dur\u00e9e de lecture estim\u00e9e":"1 minute"},"schema":{"@context":"https:\/\/schema.org","@graph":[{"@type":"WebPage","@id":"https:\/\/adnormae.fr\/index.php\/confidentiel\/","url":"https:\/\/adnormae.fr\/index.php\/confidentiel\/","name":"Confidentiel - Fabien Perez","isPartOf":{"@id":"https:\/\/adnormae.fr\/#website"},"datePublished":"2025-10-11T15:45:55+00:00","dateModified":"2026-01-29T09:01:18+00:00","breadcrumb":{"@id":"https:\/\/adnormae.fr\/index.php\/confidentiel\/#breadcrumb"},"inLanguage":"fr-FR"},{"@type":"WebSite","@id":"https:\/\/adnormae.fr\/#website","url":"https:\/\/adnormae.fr\/","name":"Fabien Perez","description":"Conseil, Assistance, Transition et Formation en Homologation et Certification Produits et Solutions et en Veille Normative ","publisher":{"@id":"https:\/\/adnormae.fr\/#organization"},"potentialAction":[{"@type":"SearchAction","target":{"@type":"EntryPoint","urlTemplate":"https:\/\/adnormae.fr\/?s={search_term_string}"},"query-input":{"@type":"PropertyValueSpecification","valueRequired":true,"valueName":"search_term_string"}}],"inLanguage":"fr-FR"},{"@type":"Organization","@id":"https:\/\/adnormae.fr\/#organization","name":"Fabien Perez","url":"https:\/\/adnormae.fr\/","logo":{"@type":"ImageObject","inLanguage":"fr-FR","@id":"https:\/\/adnormae.fr\/#\/schema\/logo\/image\/","url":"https:\/\/adnormae.fr\/wp-content\/uploads\/2025\/03\/cropped-Logo-et-Baseline-complets.png","contentUrl":"https:\/\/adnormae.fr\/wp-content\/uploads\/2025\/03\/cropped-Logo-et-Baseline-complets.png","width":1631,"height":612,"caption":"Fabien Perez"},"image":{"@id":"https:\/\/adnormae.fr\/#\/schema\/logo\/image\/"}}]}},"jetpack_sharing_enabled":true,"_links":{"self":[{"href":"https:\/\/adnormae.fr\/index.php\/wp-json\/wp\/v2\/pages\/109","targetHints":{"allow":["GET"]}}],"collection":[{"href":"https:\/\/adnormae.fr\/index.php\/wp-json\/wp\/v2\/pages"}],"about":[{"href":"https:\/\/adnormae.fr\/index.php\/wp-json\/wp\/v2\/types\/page"}],"author":[{"embeddable":true,"href":"https:\/\/adnormae.fr\/index.php\/wp-json\/wp\/v2\/users\/1"}],"replies":[{"embeddable":true,"href":"https:\/\/adnormae.fr\/index.php\/wp-json\/wp\/v2\/comments?post=109"}],"version-history":[{"count":5,"href":"https:\/\/adnormae.fr\/index.php\/wp-json\/wp\/v2\/pages\/109\/revisions"}],"predecessor-version":[{"id":184,"href":"https:\/\/adnormae.fr\/index.php\/wp-json\/wp\/v2\/pages\/109\/revisions\/184"}],"wp:attachment":[{"href":"https:\/\/adnormae.fr\/index.php\/wp-json\/wp\/v2\/media?parent=109"}],"curies":[{"name":"wp","href":"https:\/\/api.w.org\/{rel}","templated":true}]}}