{"id":126,"date":"2025-10-11T17:44:44","date_gmt":"2025-10-11T15:44:44","guid":{"rendered":"https:\/\/adnormae.fr\/?page_id=126"},"modified":"2025-10-11T18:10:48","modified_gmt":"2025-10-11T16:10:48","slug":"nos-articles","status":"publish","type":"page","link":"https:\/\/adnormae.fr\/index.php\/nos-articles\/","title":{"rendered":"Nos articles"},"content":{"rendered":"\n<p>N&rsquo;h\u00e9sitez pas \u00e0 nous solliciter si vous \u00eates int\u00e9ress\u00e9 par un sujet via notre <a href=\"https:\/\/adnormae.fr\/index.php\/contact\/\" data-type=\"page\" data-id=\"36\">formulaire de contact<\/a><\/p>\n\n\n<ul class=\"wp-block-latest-posts__list has-dates has-author wp-block-latest-posts\"><li><a class=\"wp-block-latest-posts__post-title\" href=\"https:\/\/adnormae.fr\/index.php\/2025\/12\/19\/contrat-cape-pour-ad-normae\/\">L&rsquo;accompagnement CAPE du projet d&rsquo;entreprise Ad Normae<\/a><div class=\"wp-block-latest-posts__post-author\">par Fabien<\/div><time datetime=\"2025-12-19T16:23:03+01:00\" class=\"wp-block-latest-posts__post-date\">19 d\u00e9cembre 2025<\/time><div class=\"wp-block-latest-posts__post-excerpt\">Pour se lancer, Ad Normae a choisi de s&rsquo;engager dans un contrat de type CAPE avec la soci\u00e9t\u00e9 Auxime. Ce n&rsquo;est donc pas une structure autonome comme peut l&rsquo;\u00eatre une SASU ou une EURL, seuls choix pertinents de statuts pour son activit\u00e9. Cette page a donc pour but de vous\u2026 <a class=\"wp-block-latest-posts__read-more\" href=\"https:\/\/adnormae.fr\/index.php\/2025\/12\/19\/contrat-cape-pour-ad-normae\/\" rel=\"noopener noreferrer\">Lire la suite<span class=\"screen-reader-text\">\u00a0: L&rsquo;accompagnement CAPE du projet d&rsquo;entreprise Ad Normae<\/span><\/a><\/div><\/li>\n<li><a class=\"wp-block-latest-posts__post-title\" href=\"https:\/\/adnormae.fr\/index.php\/2025\/03\/31\/normes-et-innovation\/\">Normes et innovation : d\u00e9finition et r\u00f4le<\/a><div class=\"wp-block-latest-posts__post-author\">par Fabien<\/div><time datetime=\"2025-03-31T17:41:38+02:00\" class=\"wp-block-latest-posts__post-date\">31 mars 2025<\/time><div class=\"wp-block-latest-posts__post-excerpt\">Qu&rsquo;est ce qu&rsquo;une norme ? Une d\u00e9finition classique d&rsquo;une norme la d\u00e9finit comme un document consensuel de r\u00e9f\u00e9rence. Ce document est \u00e9tabli par des experts, et notamment les acteurs du march\u00e9. Et le mieux, pour avoir une vision globale officielle, est de faire un tour sur le site de l&rsquo;AFNOR.\u2026 <a class=\"wp-block-latest-posts__read-more\" href=\"https:\/\/adnormae.fr\/index.php\/2025\/03\/31\/normes-et-innovation\/\" rel=\"noopener noreferrer\">Lire la suite<span class=\"screen-reader-text\">\u00a0: Normes et innovation : d\u00e9finition et r\u00f4le<\/span><\/a><\/div><\/li>\n<\/ul>\n\n\n<div id=\"makeiteasy-back-to-top\" data-smooth-scroll=\"false\" data-enable-on-desktop=\"true\" data-break-point-mobile-desktop=\"768\" data-go-to-bottom=\"false\" style=\"--makeiteasy-back-to-top-opacity:0.7;--makeiteasy-back-to-top-visibility-transition-duration:0.3s;--makeiteasy-back-to-top-right:30px;--makeiteasy-back-to-top-bottom:30px\" class=\"wp-block-makeiteasy-back-to-top alignleft\">\n<div class=\"wp-block-button\"><a class=\"wp-block-button__link wp-element-button\" style=\"border-radius:9px;padding-top:12px;padding-right:12px;padding-bottom:12px;padding-left:12px\"><img loading=\"lazy\" decoding=\"async\" width=\"24\" height=\"24\" src=\"data:image\/svg+xml;base64,PHN2ZyB3aWR0aD0iMjQiIGhlaWdodD0iMjQiIHZlcnNpb249IjEuMSIgdmlld0JveD0iMCA5NiA0ODAgMjgzIiB4bWxucz0iaHR0cDovL3d3dy53My5vcmcvMjAwMC9zdmciPjxwYXRoIGQ9Im00MyAzNzktNDMtNDMgMjQwLTI0MCAyNDAgMjQwLTQzIDQzLTE5Ny0xOTd6IiBmaWxsPSIjZmZmIi8+PC9zdmc+Cg==\" alt=\"Back to top arrow\"><\/a><\/div>\n<\/div>\n","protected":false},"excerpt":{"rendered":"<p>N&rsquo;h\u00e9sitez pas \u00e0 nous solliciter si vous \u00eates int\u00e9ress\u00e9 par un sujet via notre formulaire de contact<\/p>\n","protected":false},"author":1,"featured_media":0,"parent":0,"menu_order":0,"comment_status":"closed","ping_status":"closed","template":"","meta":{"footnotes":""},"class_list":["post-126","page","type-page","status-publish","hentry"],"yoast_head":"<!-- This site is optimized with the Yoast SEO plugin v27.2 - https:\/\/yoast.com\/product\/yoast-seo-wordpress\/ -->\n<title>Nos articles - Fabien Perez<\/title>\n<meta name=\"robots\" content=\"index, follow, max-snippet:-1, max-image-preview:large, max-video-preview:-1\" \/>\n<link rel=\"canonical\" href=\"https:\/\/adnormae.fr\/index.php\/nos-articles\/\" \/>\n<meta property=\"og:locale\" content=\"fr_FR\" \/>\n<meta property=\"og:type\" content=\"article\" \/>\n<meta property=\"og:title\" content=\"Nos articles - Fabien Perez\" \/>\n<meta property=\"og:description\" content=\"N&rsquo;h\u00e9sitez pas \u00e0 nous solliciter si vous \u00eates int\u00e9ress\u00e9 par un sujet via notre formulaire de contact\" \/>\n<meta property=\"og:url\" content=\"https:\/\/adnormae.fr\/index.php\/nos-articles\/\" \/>\n<meta property=\"og:site_name\" content=\"Fabien Perez\" \/>\n<meta property=\"article:modified_time\" content=\"2025-10-11T16:10:48+00:00\" \/>\n<meta name=\"twitter:card\" content=\"summary_large_image\" \/>\n<meta name=\"twitter:label1\" content=\"Dur\u00e9e de lecture estim\u00e9e\" \/>\n\t<meta name=\"twitter:data1\" content=\"1 minute\" \/>\n<script type=\"application\/ld+json\" class=\"yoast-schema-graph\">{\"@context\":\"https:\/\/schema.org\",\"@graph\":[{\"@type\":\"WebPage\",\"@id\":\"https:\/\/adnormae.fr\/index.php\/nos-articles\/\",\"url\":\"https:\/\/adnormae.fr\/index.php\/nos-articles\/\",\"name\":\"Nos articles - Fabien Perez\",\"isPartOf\":{\"@id\":\"https:\/\/adnormae.fr\/#website\"},\"datePublished\":\"2025-10-11T15:44:44+00:00\",\"dateModified\":\"2025-10-11T16:10:48+00:00\",\"breadcrumb\":{\"@id\":\"https:\/\/adnormae.fr\/index.php\/nos-articles\/#breadcrumb\"},\"inLanguage\":\"fr-FR\",\"potentialAction\":[{\"@type\":\"ReadAction\",\"target\":[\"https:\/\/adnormae.fr\/index.php\/nos-articles\/\"]}]},{\"@type\":\"BreadcrumbList\",\"@id\":\"https:\/\/adnormae.fr\/index.php\/nos-articles\/#breadcrumb\",\"itemListElement\":[{\"@type\":\"ListItem\",\"position\":1,\"name\":\"Accueil\",\"item\":\"https:\/\/adnormae.fr\/\"},{\"@type\":\"ListItem\",\"position\":2,\"name\":\"Nos articles\"}]},{\"@type\":\"WebSite\",\"@id\":\"https:\/\/adnormae.fr\/#website\",\"url\":\"https:\/\/adnormae.fr\/\",\"name\":\"Fabien Perez\",\"description\":\"Conseil, Assistance, Transition et Formation en Homologation et Certification Produits et Solutions et en Veille Normative \",\"publisher\":{\"@id\":\"https:\/\/adnormae.fr\/#organization\"},\"potentialAction\":[{\"@type\":\"SearchAction\",\"target\":{\"@type\":\"EntryPoint\",\"urlTemplate\":\"https:\/\/adnormae.fr\/?s={search_term_string}\"},\"query-input\":{\"@type\":\"PropertyValueSpecification\",\"valueRequired\":true,\"valueName\":\"search_term_string\"}}],\"inLanguage\":\"fr-FR\"},{\"@type\":\"Organization\",\"@id\":\"https:\/\/adnormae.fr\/#organization\",\"name\":\"Fabien Perez\",\"url\":\"https:\/\/adnormae.fr\/\",\"logo\":{\"@type\":\"ImageObject\",\"inLanguage\":\"fr-FR\",\"@id\":\"https:\/\/adnormae.fr\/#\/schema\/logo\/image\/\",\"url\":\"https:\/\/adnormae.fr\/wp-content\/uploads\/2025\/03\/cropped-Logo-et-Baseline-complets.png\",\"contentUrl\":\"https:\/\/adnormae.fr\/wp-content\/uploads\/2025\/03\/cropped-Logo-et-Baseline-complets.png\",\"width\":1631,\"height\":612,\"caption\":\"Fabien Perez\"},\"image\":{\"@id\":\"https:\/\/adnormae.fr\/#\/schema\/logo\/image\/\"}}]}<\/script>\n<!-- \/ Yoast SEO plugin. -->","yoast_head_json":{"title":"Nos articles - Fabien Perez","robots":{"index":"index","follow":"follow","max-snippet":"max-snippet:-1","max-image-preview":"max-image-preview:large","max-video-preview":"max-video-preview:-1"},"canonical":"https:\/\/adnormae.fr\/index.php\/nos-articles\/","og_locale":"fr_FR","og_type":"article","og_title":"Nos articles - Fabien Perez","og_description":"N&rsquo;h\u00e9sitez pas \u00e0 nous solliciter si vous \u00eates int\u00e9ress\u00e9 par un sujet via notre formulaire de contact","og_url":"https:\/\/adnormae.fr\/index.php\/nos-articles\/","og_site_name":"Fabien Perez","article_modified_time":"2025-10-11T16:10:48+00:00","twitter_card":"summary_large_image","twitter_misc":{"Dur\u00e9e de lecture estim\u00e9e":"1 minute"},"schema":{"@context":"https:\/\/schema.org","@graph":[{"@type":"WebPage","@id":"https:\/\/adnormae.fr\/index.php\/nos-articles\/","url":"https:\/\/adnormae.fr\/index.php\/nos-articles\/","name":"Nos articles - Fabien Perez","isPartOf":{"@id":"https:\/\/adnormae.fr\/#website"},"datePublished":"2025-10-11T15:44:44+00:00","dateModified":"2025-10-11T16:10:48+00:00","breadcrumb":{"@id":"https:\/\/adnormae.fr\/index.php\/nos-articles\/#breadcrumb"},"inLanguage":"fr-FR","potentialAction":[{"@type":"ReadAction","target":["https:\/\/adnormae.fr\/index.php\/nos-articles\/"]}]},{"@type":"BreadcrumbList","@id":"https:\/\/adnormae.fr\/index.php\/nos-articles\/#breadcrumb","itemListElement":[{"@type":"ListItem","position":1,"name":"Accueil","item":"https:\/\/adnormae.fr\/"},{"@type":"ListItem","position":2,"name":"Nos articles"}]},{"@type":"WebSite","@id":"https:\/\/adnormae.fr\/#website","url":"https:\/\/adnormae.fr\/","name":"Fabien Perez","description":"Conseil, Assistance, Transition et Formation en Homologation et Certification Produits et Solutions et en Veille Normative ","publisher":{"@id":"https:\/\/adnormae.fr\/#organization"},"potentialAction":[{"@type":"SearchAction","target":{"@type":"EntryPoint","urlTemplate":"https:\/\/adnormae.fr\/?s={search_term_string}"},"query-input":{"@type":"PropertyValueSpecification","valueRequired":true,"valueName":"search_term_string"}}],"inLanguage":"fr-FR"},{"@type":"Organization","@id":"https:\/\/adnormae.fr\/#organization","name":"Fabien Perez","url":"https:\/\/adnormae.fr\/","logo":{"@type":"ImageObject","inLanguage":"fr-FR","@id":"https:\/\/adnormae.fr\/#\/schema\/logo\/image\/","url":"https:\/\/adnormae.fr\/wp-content\/uploads\/2025\/03\/cropped-Logo-et-Baseline-complets.png","contentUrl":"https:\/\/adnormae.fr\/wp-content\/uploads\/2025\/03\/cropped-Logo-et-Baseline-complets.png","width":1631,"height":612,"caption":"Fabien Perez"},"image":{"@id":"https:\/\/adnormae.fr\/#\/schema\/logo\/image\/"}}]}},"jetpack_sharing_enabled":true,"_links":{"self":[{"href":"https:\/\/adnormae.fr\/index.php\/wp-json\/wp\/v2\/pages\/126","targetHints":{"allow":["GET"]}}],"collection":[{"href":"https:\/\/adnormae.fr\/index.php\/wp-json\/wp\/v2\/pages"}],"about":[{"href":"https:\/\/adnormae.fr\/index.php\/wp-json\/wp\/v2\/types\/page"}],"author":[{"embeddable":true,"href":"https:\/\/adnormae.fr\/index.php\/wp-json\/wp\/v2\/users\/1"}],"replies":[{"embeddable":true,"href":"https:\/\/adnormae.fr\/index.php\/wp-json\/wp\/v2\/comments?post=126"}],"version-history":[{"count":2,"href":"https:\/\/adnormae.fr\/index.php\/wp-json\/wp\/v2\/pages\/126\/revisions"}],"predecessor-version":[{"id":141,"href":"https:\/\/adnormae.fr\/index.php\/wp-json\/wp\/v2\/pages\/126\/revisions\/141"}],"wp:attachment":[{"href":"https:\/\/adnormae.fr\/index.php\/wp-json\/wp\/v2\/media?parent=126"}],"curies":[{"name":"wp","href":"https:\/\/api.w.org\/{rel}","templated":true}]}}