{"id":25,"date":"2025-04-02T16:19:55","date_gmt":"2025-04-02T14:19:55","guid":{"rendered":"https:\/\/adnormae.fr\/?page_id=25"},"modified":"2026-01-16T18:53:53","modified_gmt":"2026-01-16T17:53:53","slug":"expertise-normative-certification","status":"publish","type":"page","link":"https:\/\/adnormae.fr\/","title":{"rendered":"Ad Normae, expertise normative et certification"},"content":{"rendered":"\n<p class=\"has-text-align-center\">Ad Normae vous propose son expertise normative et la met au service de vos projets.<\/p>\n\n\n\n<h2 class=\"wp-block-heading\">La Vision<\/h2>\n\n\n\n<p>R\u00e9pondre aux besoin des entreprises en apportant une ressource externe experte, fonctionnant en mode<br>projet, pour structurer les d\u00e9marches, cr\u00e9er une synergie interservices et assurer une formation Adhoc<br>des \u00e9quipes dans les domaines de la veille normative et la certification.<\/p>\n\n\n\n<h2 class=\"wp-block-heading\">Les Missions<\/h2>\n\n\n\n<ol class=\"wp-block-list\">\n<li>R\u00e9soudre les probl\u00e8mes li\u00e9s \u00e0 l\u2019\u00e9volution du cadre normatif et valoriser l\u2019innovation<\/li>\n\n\n\n<li>Sensibiliser aux enjeux de la certification et du respect des normes et r\u00e8glements<\/li>\n\n\n\n<li>Apporter un support fiable face \u00e0 une activit\u00e9 \u00e0 charge variable<\/li>\n\n\n\n<li>Apporter une contribution experte imm\u00e9diate dans un domaine tr\u00e8s sp\u00e9cialis\u00e9<\/li>\n<\/ol>\n\n\n\n<h2 class=\"wp-block-heading\">La Strat\u00e9gie<\/h2>\n\n\n\n<p>D\u00e9finir avec le client comment ajuster le triptyque Qualit\u00e9-Co\u00fbt-D\u00e9lai en mode projet de :<\/p>\n\n\n\n<ul class=\"wp-block-list\">\n<li>sa veille normative<\/li>\n\n\n\n<li>la certification de ses produit<\/li>\n\n\n\n<li>l\u2019homologation pour mise sur le march\u00e9<\/li>\n<\/ul>\n\n\n\n<p>En fonction de ses besoins et par notre expertise, Ad Normae assurera :<\/p>\n\n\n\n<ul class=\"wp-block-list\">\n<li>la coordination des \u00e9quipes en interne,<\/li>\n\n\n\n<li>la coh\u00e9rence entre les objectifs internes et les contraintes externes<\/li>\n\n\n\n<li>le respect des d\u00e9lais aupr\u00e8s des organismes de certification.<\/li>\n<\/ul>\n\n\n\n<h2 class=\"wp-block-heading\">Un objectif<\/h2>\n\n\n\n<blockquote class=\"wp-block-quote is-layout-flow wp-block-quote-is-layout-flow\">\n<p>Construire la vision, d\u00e9finir la mission, \u00e9valuer les strat\u00e9gies pour relever les d\u00e9fis qui se pr\u00e9sentent.<br>Formuler des hypoth\u00e8ses, les tester, les reformuler, pour, au final, trouver l\u2019angle d\u2019attaque exploitable qui permettra de mener \u00e0 bien le projet.<\/p>\n<\/blockquote>\n\n\n\n<p>Notre but est d&rsquo;aider les entreprises, essentiellement en relation avec le secteur du b\u00e2timent et des travaux publics, \u00e0 ma\u00eetriser les enjeux du respect des normes et \u00eatre acteurs de celles-ci. Fort de son expertise normative, Ad Normae veut \u00eatre le lien entre les entreprises et les r\u00e9glementeurs (organismes de normalisation, minist\u00e8res, laboratoires&#8230;).<\/p>\n\n\n\n<ul class=\"wp-block-list\">\n<li>Probl\u00e9matiques li\u00e9es \u00e0 la certification ou \u00e0 l&rsquo;homologation de produits\/proc\u00e9d\u00e9s ?<\/li>\n\n\n\n<li>Comment mettre en place des solutions pour veille normative efficace ?<\/li>\n<\/ul>\n\n\n\n<p class=\"has-text-align-center\"><strong>Ad Normae vous assiste et vous apporte son expertise en mode projet ou en mission de transition.<\/strong><\/p>\n\n\n\n<figure class=\"wp-block-image size-large\"><img loading=\"lazy\" decoding=\"async\" width=\"1024\" height=\"533\" src=\"https:\/\/adnormae.fr\/wp-content\/uploads\/2026\/01\/image-1024x533.png\" alt=\"\" class=\"wp-image-181\" srcset=\"https:\/\/adnormae.fr\/wp-content\/uploads\/2026\/01\/image-1024x533.png 1024w, https:\/\/adnormae.fr\/wp-content\/uploads\/2026\/01\/image-300x156.png 300w, https:\/\/adnormae.fr\/wp-content\/uploads\/2026\/01\/image-768x400.png 768w, https:\/\/adnormae.fr\/wp-content\/uploads\/2026\/01\/image-1536x800.png 1536w, https:\/\/adnormae.fr\/wp-content\/uploads\/2026\/01\/image.png 1686w\" sizes=\"auto, (max-width: 1024px) 100vw, 1024px\" \/><\/figure>\n","protected":false},"excerpt":{"rendered":"<p>Ad Normae vous propose son expertise normative et la met au service de vos projets. La Vision R\u00e9pondre aux besoin des entreprises en apportant une ressource externe experte, fonctionnant en modeprojet, pour structurer les d\u00e9marches, cr\u00e9er une synergie interservices et assurer une formation Adhocdes \u00e9quipes dans les domaines de la veille normative et la certification. [&hellip;]<\/p>\n","protected":false},"author":1,"featured_media":153,"parent":0,"menu_order":0,"comment_status":"closed","ping_status":"closed","template":"","meta":{"footnotes":""},"class_list":["post-25","page","type-page","status-publish","has-post-thumbnail","hentry"],"yoast_head":"<!-- This site is optimized with the Yoast SEO plugin v27.2 - https:\/\/yoast.com\/product\/yoast-seo-wordpress\/ -->\n<title>Ad Normae | Expertise normative et certification<\/title>\n<meta name=\"description\" content=\"D\u00e9couvrez comment, par son expertise de plus de 25 ans, Ad Normae r\u00e9pond \u00e0 vos besoins de ma\u00eetrise des enjeux normatifs et r\u00e9glementaires.\" \/>\n<meta name=\"robots\" content=\"index, follow, max-snippet:-1, max-image-preview:large, max-video-preview:-1\" \/>\n<link rel=\"canonical\" href=\"https:\/\/adnormae.fr\/\" \/>\n<meta property=\"og:locale\" content=\"fr_FR\" \/>\n<meta property=\"og:type\" content=\"article\" \/>\n<meta property=\"og:title\" content=\"Ad Normae | Expertise normative et certification\" \/>\n<meta property=\"og:description\" content=\"D\u00e9couvrez comment, par son expertise de plus de 25 ans, Ad Normae r\u00e9pond \u00e0 vos besoins de ma\u00eetrise des enjeux normatifs et r\u00e9glementaires.\" \/>\n<meta property=\"og:url\" content=\"https:\/\/adnormae.fr\/\" \/>\n<meta property=\"og:site_name\" content=\"Fabien Perez\" \/>\n<meta property=\"article:modified_time\" content=\"2026-01-16T17:53:53+00:00\" \/>\n<meta property=\"og:image\" content=\"https:\/\/adnormae.fr\/wp-content\/uploads\/2025\/10\/Logo-Ad-Normae.png\" \/>\n\t<meta property=\"og:image:width\" content=\"802\" \/>\n\t<meta property=\"og:image:height\" content=\"792\" \/>\n\t<meta property=\"og:image:type\" content=\"image\/png\" \/>\n<meta name=\"twitter:card\" content=\"summary_large_image\" \/>\n<meta name=\"twitter:label1\" content=\"Dur\u00e9e de lecture estim\u00e9e\" \/>\n\t<meta name=\"twitter:data1\" content=\"2 minutes\" \/>\n<script type=\"application\/ld+json\" class=\"yoast-schema-graph\">{\"@context\":\"https:\/\/schema.org\",\"@graph\":[{\"@type\":\"WebPage\",\"@id\":\"https:\/\/adnormae.fr\/\",\"url\":\"https:\/\/adnormae.fr\/\",\"name\":\"Ad Normae | Expertise normative et certification\",\"isPartOf\":{\"@id\":\"https:\/\/adnormae.fr\/#website\"},\"primaryImageOfPage\":{\"@id\":\"https:\/\/adnormae.fr\/#primaryimage\"},\"image\":{\"@id\":\"https:\/\/adnormae.fr\/#primaryimage\"},\"thumbnailUrl\":\"https:\/\/adnormae.fr\/wp-content\/uploads\/2025\/10\/Logo-Ad-Normae.png\",\"datePublished\":\"2025-04-02T14:19:55+00:00\",\"dateModified\":\"2026-01-16T17:53:53+00:00\",\"description\":\"D\u00e9couvrez comment, par son expertise de plus de 25 ans, Ad Normae r\u00e9pond \u00e0 vos besoins de ma\u00eetrise des enjeux normatifs et r\u00e9glementaires.\",\"breadcrumb\":{\"@id\":\"https:\/\/adnormae.fr\/#breadcrumb\"},\"inLanguage\":\"fr-FR\",\"potentialAction\":[{\"@type\":\"ReadAction\",\"target\":[\"https:\/\/adnormae.fr\/\"]}]},{\"@type\":\"ImageObject\",\"inLanguage\":\"fr-FR\",\"@id\":\"https:\/\/adnormae.fr\/#primaryimage\",\"url\":\"https:\/\/adnormae.fr\/wp-content\/uploads\/2025\/10\/Logo-Ad-Normae.png\",\"contentUrl\":\"https:\/\/adnormae.fr\/wp-content\/uploads\/2025\/10\/Logo-Ad-Normae.png\",\"width\":802,\"height\":792},{\"@type\":\"BreadcrumbList\",\"@id\":\"https:\/\/adnormae.fr\/#breadcrumb\",\"itemListElement\":[{\"@type\":\"ListItem\",\"position\":1,\"name\":\"Accueil\",\"item\":\"https:\/\/adnormae.fr\/\"},{\"@type\":\"ListItem\",\"position\":2,\"name\":\"Ad Normae, expertise normative et certification\"}]},{\"@type\":\"WebSite\",\"@id\":\"https:\/\/adnormae.fr\/#website\",\"url\":\"https:\/\/adnormae.fr\/\",\"name\":\"Fabien Perez\",\"description\":\"Conseil, Assistance, Transition et Formation en Homologation et Certification Produits et Solutions et en Veille Normative \",\"publisher\":{\"@id\":\"https:\/\/adnormae.fr\/#organization\"},\"potentialAction\":[{\"@type\":\"SearchAction\",\"target\":{\"@type\":\"EntryPoint\",\"urlTemplate\":\"https:\/\/adnormae.fr\/?s={search_term_string}\"},\"query-input\":{\"@type\":\"PropertyValueSpecification\",\"valueRequired\":true,\"valueName\":\"search_term_string\"}}],\"inLanguage\":\"fr-FR\"},{\"@type\":\"Organization\",\"@id\":\"https:\/\/adnormae.fr\/#organization\",\"name\":\"Fabien Perez\",\"url\":\"https:\/\/adnormae.fr\/\",\"logo\":{\"@type\":\"ImageObject\",\"inLanguage\":\"fr-FR\",\"@id\":\"https:\/\/adnormae.fr\/#\/schema\/logo\/image\/\",\"url\":\"https:\/\/adnormae.fr\/wp-content\/uploads\/2025\/03\/cropped-Logo-et-Baseline-complets.png\",\"contentUrl\":\"https:\/\/adnormae.fr\/wp-content\/uploads\/2025\/03\/cropped-Logo-et-Baseline-complets.png\",\"width\":1631,\"height\":612,\"caption\":\"Fabien Perez\"},\"image\":{\"@id\":\"https:\/\/adnormae.fr\/#\/schema\/logo\/image\/\"}}]}<\/script>\n<!-- \/ Yoast SEO plugin. -->","yoast_head_json":{"title":"Ad Normae | Expertise normative et certification","description":"D\u00e9couvrez comment, par son expertise de plus de 25 ans, Ad Normae r\u00e9pond \u00e0 vos besoins de ma\u00eetrise des enjeux normatifs et r\u00e9glementaires.","robots":{"index":"index","follow":"follow","max-snippet":"max-snippet:-1","max-image-preview":"max-image-preview:large","max-video-preview":"max-video-preview:-1"},"canonical":"https:\/\/adnormae.fr\/","og_locale":"fr_FR","og_type":"article","og_title":"Ad Normae | Expertise normative et certification","og_description":"D\u00e9couvrez comment, par son expertise de plus de 25 ans, Ad Normae r\u00e9pond \u00e0 vos besoins de ma\u00eetrise des enjeux normatifs et r\u00e9glementaires.","og_url":"https:\/\/adnormae.fr\/","og_site_name":"Fabien Perez","article_modified_time":"2026-01-16T17:53:53+00:00","og_image":[{"width":802,"height":792,"url":"https:\/\/adnormae.fr\/wp-content\/uploads\/2025\/10\/Logo-Ad-Normae.png","type":"image\/png"}],"twitter_card":"summary_large_image","twitter_misc":{"Dur\u00e9e de lecture estim\u00e9e":"2 minutes"},"schema":{"@context":"https:\/\/schema.org","@graph":[{"@type":"WebPage","@id":"https:\/\/adnormae.fr\/","url":"https:\/\/adnormae.fr\/","name":"Ad Normae | Expertise normative et certification","isPartOf":{"@id":"https:\/\/adnormae.fr\/#website"},"primaryImageOfPage":{"@id":"https:\/\/adnormae.fr\/#primaryimage"},"image":{"@id":"https:\/\/adnormae.fr\/#primaryimage"},"thumbnailUrl":"https:\/\/adnormae.fr\/wp-content\/uploads\/2025\/10\/Logo-Ad-Normae.png","datePublished":"2025-04-02T14:19:55+00:00","dateModified":"2026-01-16T17:53:53+00:00","description":"D\u00e9couvrez comment, par son expertise de plus de 25 ans, Ad Normae r\u00e9pond \u00e0 vos besoins de ma\u00eetrise des enjeux normatifs et r\u00e9glementaires.","breadcrumb":{"@id":"https:\/\/adnormae.fr\/#breadcrumb"},"inLanguage":"fr-FR","potentialAction":[{"@type":"ReadAction","target":["https:\/\/adnormae.fr\/"]}]},{"@type":"ImageObject","inLanguage":"fr-FR","@id":"https:\/\/adnormae.fr\/#primaryimage","url":"https:\/\/adnormae.fr\/wp-content\/uploads\/2025\/10\/Logo-Ad-Normae.png","contentUrl":"https:\/\/adnormae.fr\/wp-content\/uploads\/2025\/10\/Logo-Ad-Normae.png","width":802,"height":792},{"@type":"BreadcrumbList","@id":"https:\/\/adnormae.fr\/#breadcrumb","itemListElement":[{"@type":"ListItem","position":1,"name":"Accueil","item":"https:\/\/adnormae.fr\/"},{"@type":"ListItem","position":2,"name":"Ad Normae, expertise normative et certification"}]},{"@type":"WebSite","@id":"https:\/\/adnormae.fr\/#website","url":"https:\/\/adnormae.fr\/","name":"Fabien Perez","description":"Conseil, Assistance, Transition et Formation en Homologation et Certification Produits et Solutions et en Veille Normative ","publisher":{"@id":"https:\/\/adnormae.fr\/#organization"},"potentialAction":[{"@type":"SearchAction","target":{"@type":"EntryPoint","urlTemplate":"https:\/\/adnormae.fr\/?s={search_term_string}"},"query-input":{"@type":"PropertyValueSpecification","valueRequired":true,"valueName":"search_term_string"}}],"inLanguage":"fr-FR"},{"@type":"Organization","@id":"https:\/\/adnormae.fr\/#organization","name":"Fabien Perez","url":"https:\/\/adnormae.fr\/","logo":{"@type":"ImageObject","inLanguage":"fr-FR","@id":"https:\/\/adnormae.fr\/#\/schema\/logo\/image\/","url":"https:\/\/adnormae.fr\/wp-content\/uploads\/2025\/03\/cropped-Logo-et-Baseline-complets.png","contentUrl":"https:\/\/adnormae.fr\/wp-content\/uploads\/2025\/03\/cropped-Logo-et-Baseline-complets.png","width":1631,"height":612,"caption":"Fabien Perez"},"image":{"@id":"https:\/\/adnormae.fr\/#\/schema\/logo\/image\/"}}]}},"jetpack_sharing_enabled":true,"_links":{"self":[{"href":"https:\/\/adnormae.fr\/index.php\/wp-json\/wp\/v2\/pages\/25","targetHints":{"allow":["GET"]}}],"collection":[{"href":"https:\/\/adnormae.fr\/index.php\/wp-json\/wp\/v2\/pages"}],"about":[{"href":"https:\/\/adnormae.fr\/index.php\/wp-json\/wp\/v2\/types\/page"}],"author":[{"embeddable":true,"href":"https:\/\/adnormae.fr\/index.php\/wp-json\/wp\/v2\/users\/1"}],"replies":[{"embeddable":true,"href":"https:\/\/adnormae.fr\/index.php\/wp-json\/wp\/v2\/comments?post=25"}],"version-history":[{"count":7,"href":"https:\/\/adnormae.fr\/index.php\/wp-json\/wp\/v2\/pages\/25\/revisions"}],"predecessor-version":[{"id":182,"href":"https:\/\/adnormae.fr\/index.php\/wp-json\/wp\/v2\/pages\/25\/revisions\/182"}],"wp:featuredmedia":[{"embeddable":true,"href":"https:\/\/adnormae.fr\/index.php\/wp-json\/wp\/v2\/media\/153"}],"wp:attachment":[{"href":"https:\/\/adnormae.fr\/index.php\/wp-json\/wp\/v2\/media?parent=25"}],"curies":[{"name":"wp","href":"https:\/\/api.w.org\/{rel}","templated":true}]}}