{"id":78,"date":"2025-06-01T18:10:28","date_gmt":"2025-06-01T16:10:28","guid":{"rendered":"https:\/\/adnormae.fr\/?page_id=78"},"modified":"2025-12-19T17:39:51","modified_gmt":"2025-12-19T16:39:51","slug":"pourquoi-collaborer-ensemble","status":"publish","type":"page","link":"https:\/\/adnormae.fr\/index.php\/pourquoi-collaborer-ensemble\/","title":{"rendered":"Nos prestations"},"content":{"rendered":"\n<p id=\"Nos-prestations\">Votre collaboration avec Ad Normae peut s&rsquo;articuler autour de trois th\u00e8mes principaux de missions. Ces th\u00e8mes ne sont pas exhaustifs, mais permettent d&rsquo;associer une prestation \u00e0 un profil d&rsquo;entreprise et \u00e0 un besoin.<\/p>\n\n\n\n<figure class=\"wp-block-image size-large\"><img loading=\"lazy\" decoding=\"async\" width=\"1024\" height=\"261\" src=\"https:\/\/adnormae.fr\/wp-content\/uploads\/2025\/06\/engrenage-e1760199353841-1024x261.jpg\" alt=\"\" class=\"wp-image-85\" srcset=\"https:\/\/adnormae.fr\/wp-content\/uploads\/2025\/06\/engrenage-e1760199353841-1024x261.jpg 1024w, https:\/\/adnormae.fr\/wp-content\/uploads\/2025\/06\/engrenage-e1760199353841-300x76.jpg 300w, https:\/\/adnormae.fr\/wp-content\/uploads\/2025\/06\/engrenage-e1760199353841-768x196.jpg 768w, https:\/\/adnormae.fr\/wp-content\/uploads\/2025\/06\/engrenage-e1760199353841.jpg 1472w\" sizes=\"auto, (max-width: 1024px) 100vw, 1024px\" \/><\/figure>\n\n\n\n<h3 class=\"wp-block-heading\"><strong>Th\u00e8me 1 : <\/strong>Besoin en certification\/homologation<\/h3>\n\n\n\n<p>Apporter une ressource externe, fonctionnant en mode projet, pour structurer les d\u00e9marches, cr\u00e9er une synergie interservices et obtenir une certification \/ homologation.<\/p>\n\n\n\n<p>Cette prestation s&rsquo;adresse plus particuli\u00e8rement aux PME voire aux ETI qui n&rsquo;ont pas de ressource d\u00e9di\u00e9e en interne. Ainsi, le collaborateur qui aurait \u00e9t\u00e9 affect\u00e9 \u00e0 la certification\/homologation en sera lib\u00e9r\u00e9. Il pourra alors se concentrer sur la t\u00e2che qu&rsquo;il ma\u00eetrise.<\/p>\n\n\n\n<p>En cons\u00e9quence, dans le triptyque QCD du mode projet, le client pourra constater l&rsquo;\u00e9volution suivante :<\/p>\n\n\n\n<ul class=\"wp-block-list\">\n<li>augmentation mod\u00e9r\u00e9e du co\u00fbt (du fait de la ressource externe fournie par Ad Normae),<\/li>\n\n\n\n<li>am\u00e9lioration de la qualit\u00e9,<\/li>\n\n\n\n<li>meilleure ma\u00eetrise du d\u00e9lai.<\/li>\n<\/ul>\n\n\n\n<h3 class=\"wp-block-heading\"><strong>Th\u00e8me 2 : <\/strong>Management de projet normatif<\/h3>\n\n\n\n<p>Mettre \u00e0 disposition une exp\u00e9rience de 25 ans dans les domaines de la plasturgie et du BTP, pour des actions optimis\u00e9es en mode projet ou en transition (remplacement ou restructuration).<\/p>\n\n\n\n<p>Toujours prioritairement adress\u00e9e aux PME et ETI, cette prestation pr\u00e9sentera l&rsquo;avantage pour une grande entreprise qui se trouve face \u00e0 un \u00e9v\u00e9nement transitoire et non pr\u00e9vu d&rsquo;\u00eatre r\u00e9active et agile dans le suivi des projets de certification et de veille normative. Par une connaissance approfondie des secteurs mentionn\u00e9s, Ad Normae prendra ainsi un relais avec un d\u00e9lai d&rsquo;int\u00e9gration r\u00e9duit.<\/p>\n\n\n\n<h3 class=\"wp-block-heading\"><strong>Th\u00e8me 3 :<\/strong> Structurer une veille normative<\/h3>\n\n\n\n<p>Assurer transitoirement la veille normative et former les \u00e9quipes sur les probl\u00e9matiques de la certification et de l&rsquo;homologation des produits\/proc\u00e9d\u00e9s\/solutions.<\/p>\n\n\n\n<p>Destin\u00e9e essentiellement aux microentreprises et aux PME pour ce qui est de la mise en place d&rsquo;une proc\u00e9dure efficace de gestion des normes en interne et de veille normative, la prestation incluse dans ce th\u00e8me permet aussi de mettre \u00e0 disposition de toute soci\u00e9t\u00e9 des sessions de formation aux normes et aux enjeux qui leur sont li\u00e9s. <\/p>\n\n\n\n<hr class=\"wp-block-separator has-alpha-channel-opacity\"\/>\n\n\n\n<h2 class=\"wp-block-heading\">D\u00e9finition de vos besoins<\/h2>\n\n\n\n<p>Avant m\u00eame de d\u00e9buter une action, il est n\u00e9cessaire de r\u00e9f\u00e9rencer pr\u00e9cis\u00e9ment vos besoins. Les processus li\u00e9s \u00e0 la normalisation co\u00fbtent cher \u00e0 l&rsquo;entreprise qui doit bien d\u00e9finir ce qu&rsquo;elle en attend.<\/p>\n\n\n\n<p>Apr\u00e8s un rendez-vous formel de prise de contact, Ad Normae vous propose de fonctionner un peu comme un nouvel embauch\u00e9 fait son parcours d&rsquo;int\u00e9gration. Fabien Perez rencontrera ainsi les diff\u00e9rents interlocuteurs internes, impliqu\u00e9s dans le processus, <\/p>\n\n\n\n<p>Il r\u00e9alisera les interviews des repr\u00e9sentants des services R&amp;D, Marketing, Qualit\u00e9, Production, Commerce et enfin un membre de la Direction, si possible. Cette action ayant pour but de d\u00e9finir au mieux les attentes, les probl\u00e9matiques, mais aussi exposer le fonctionnement global du partenariat.<\/p>\n\n\n\n<p>Ces rencontres devront \u00eatre r\u00e9alis\u00e9es id\u00e9alement sur un d\u00e9lai d&rsquo;une semaine \u00e0 un mois. Un rapport, qui sera factur\u00e9 conform\u00e9ment au devis initial et dans le d\u00e9lai entendu, d\u00e9finira :<\/p>\n\n\n\n<ul class=\"wp-block-list\">\n<li>la d\u00e9finition du besoin<\/li>\n\n\n\n<li>le champs d&rsquo;action de la mission<\/li>\n\n\n\n<li>un macro-r\u00e9troplanning<\/li>\n\n\n\n<li>Une strat\u00e9gie d&rsquo;action<\/li>\n\n\n\n<li>une enveloppe budg\u00e9taire globale requise pour mener \u00e0 bien la mission (co\u00fbt d&rsquo;une certification, outils requis, abonnements, etc.)<\/li>\n\n\n\n<li>Et bien s\u00fbr&#8230; Le chiffrage de la prestation Ad Normae, incluant les limites de cette prestation telles que d\u00e9finies<\/li>\n<\/ul>\n\n\n\n<hr class=\"wp-block-separator has-alpha-channel-opacity\"\/>\n\n\n\n<h2 class=\"wp-block-heading\">Un processus adapt\u00e9<\/h2>\n\n\n\n<p>Un rapport d\u00e9taillera le processus, impliquant chaque acteur, et les livrables attendus, de et par Ad Normae.<\/p>\n\n\n\n<p>En effet, en fonction de la mission, du th\u00e8me abord\u00e9, de la probl\u00e9matique cibl\u00e9e, il sera n\u00e9cessaire de r\u00e9aliser des ajustements et attendre le retour de devis afin d&rsquo;affiner le r\u00e9tro-planning.<\/p>\n\n\n\n<p>En tant que ma\u00eetre d&rsquo;oeuvre de la mission, Ad Normae coordonnera les diff\u00e9rents interlocuteurs et d\u00e9finira avec vous les organismes les plus pertinents pour mener \u00e0 bien cette mission.<\/p>\n\n\n\n<div id=\"makeiteasy-back-to-top\" data-smooth-scroll=\"false\" data-enable-on-desktop=\"true\" data-break-point-mobile-desktop=\"768\" data-go-to-bottom=\"false\" style=\"--makeiteasy-back-to-top-opacity:0.7;--makeiteasy-back-to-top-visibility-transition-duration:0.3s;--makeiteasy-back-to-top-right:30px;--makeiteasy-back-to-top-bottom:30px\" class=\"wp-block-makeiteasy-back-to-top alignleft\">\n<div class=\"wp-block-button\"><a class=\"wp-block-button__link wp-element-button\" style=\"border-radius:9px;padding-top:12px;padding-right:12px;padding-bottom:12px;padding-left:12px\"><img loading=\"lazy\" decoding=\"async\" width=\"24\" height=\"24\" src=\"data:image\/svg+xml;base64,PHN2ZyB3aWR0aD0iMjQiIGhlaWdodD0iMjQiIHZlcnNpb249IjEuMSIgdmlld0JveD0iMCA5NiA0ODAgMjgzIiB4bWxucz0iaHR0cDovL3d3dy53My5vcmcvMjAwMC9zdmciPjxwYXRoIGQ9Im00MyAzNzktNDMtNDMgMjQwLTI0MCAyNDAgMjQwLTQzIDQzLTE5Ny0xOTd6IiBmaWxsPSIjZmZmIi8+PC9zdmc+Cg==\" alt=\"Back to top arrow\"><\/a><\/div>\n<\/div>\n","protected":false},"excerpt":{"rendered":"<p>Votre collaboration avec Ad Normae peut s&rsquo;articuler autour de trois th\u00e8mes principaux de missions. Ces th\u00e8mes ne sont pas exhaustifs, mais permettent d&rsquo;associer une prestation \u00e0 un profil d&rsquo;entreprise et \u00e0 un besoin. Th\u00e8me 1 : Besoin en certification\/homologation Apporter une ressource externe, fonctionnant en mode projet, pour structurer les d\u00e9marches, cr\u00e9er une synergie interservices [&hellip;]<\/p>\n","protected":false},"author":1,"featured_media":85,"parent":0,"menu_order":0,"comment_status":"closed","ping_status":"closed","template":"","meta":{"footnotes":""},"class_list":["post-78","page","type-page","status-publish","has-post-thumbnail","hentry"],"yoast_head":"<!-- This site is optimized with the Yoast SEO plugin v27.2 - https:\/\/yoast.com\/product\/yoast-seo-wordpress\/ -->\n<title>Nos prestations - Fabien Perez<\/title>\n<meta name=\"description\" content=\"Une collaboration avec Ad Normae s&#039;articule autour de trois missions types : Certification\/Homologation | Management de projet normatif | Veille normative\" \/>\n<meta name=\"robots\" content=\"index, follow, max-snippet:-1, max-image-preview:large, max-video-preview:-1\" \/>\n<link rel=\"canonical\" href=\"https:\/\/adnormae.fr\/index.php\/pourquoi-collaborer-ensemble\/\" \/>\n<meta property=\"og:locale\" content=\"fr_FR\" \/>\n<meta property=\"og:type\" content=\"article\" \/>\n<meta property=\"og:title\" content=\"Nos prestations - Fabien Perez\" \/>\n<meta property=\"og:description\" content=\"Une collaboration avec Ad Normae s&#039;articule autour de trois missions types : Certification\/Homologation | Management de projet normatif | Veille normative\" \/>\n<meta property=\"og:url\" content=\"https:\/\/adnormae.fr\/index.php\/pourquoi-collaborer-ensemble\/\" \/>\n<meta property=\"og:site_name\" content=\"Fabien Perez\" \/>\n<meta property=\"article:modified_time\" content=\"2025-12-19T16:39:51+00:00\" \/>\n<meta property=\"og:image\" content=\"https:\/\/adnormae.fr\/wp-content\/uploads\/2025\/06\/engrenage-e1760199353841.jpg\" \/>\n\t<meta property=\"og:image:width\" content=\"1472\" \/>\n\t<meta property=\"og:image:height\" content=\"375\" \/>\n\t<meta property=\"og:image:type\" content=\"image\/jpeg\" \/>\n<meta name=\"twitter:card\" content=\"summary_large_image\" \/>\n<meta name=\"twitter:label1\" content=\"Dur\u00e9e de lecture estim\u00e9e\" \/>\n\t<meta name=\"twitter:data1\" content=\"4 minutes\" \/>\n<script type=\"application\/ld+json\" class=\"yoast-schema-graph\">{\"@context\":\"https:\/\/schema.org\",\"@graph\":[{\"@type\":\"WebPage\",\"@id\":\"https:\/\/adnormae.fr\/index.php\/pourquoi-collaborer-ensemble\/\",\"url\":\"https:\/\/adnormae.fr\/index.php\/pourquoi-collaborer-ensemble\/\",\"name\":\"Nos prestations - Fabien Perez\",\"isPartOf\":{\"@id\":\"https:\/\/adnormae.fr\/#website\"},\"primaryImageOfPage\":{\"@id\":\"https:\/\/adnormae.fr\/index.php\/pourquoi-collaborer-ensemble\/#primaryimage\"},\"image\":{\"@id\":\"https:\/\/adnormae.fr\/index.php\/pourquoi-collaborer-ensemble\/#primaryimage\"},\"thumbnailUrl\":\"https:\/\/adnormae.fr\/wp-content\/uploads\/2025\/06\/engrenage-e1760199353841.jpg\",\"datePublished\":\"2025-06-01T16:10:28+00:00\",\"dateModified\":\"2025-12-19T16:39:51+00:00\",\"description\":\"Une collaboration avec Ad Normae s'articule autour de trois missions types : Certification\/Homologation | Management de projet normatif | Veille normative\",\"breadcrumb\":{\"@id\":\"https:\/\/adnormae.fr\/index.php\/pourquoi-collaborer-ensemble\/#breadcrumb\"},\"inLanguage\":\"fr-FR\",\"potentialAction\":[{\"@type\":\"ReadAction\",\"target\":[\"https:\/\/adnormae.fr\/index.php\/pourquoi-collaborer-ensemble\/\"]}]},{\"@type\":\"ImageObject\",\"inLanguage\":\"fr-FR\",\"@id\":\"https:\/\/adnormae.fr\/index.php\/pourquoi-collaborer-ensemble\/#primaryimage\",\"url\":\"https:\/\/adnormae.fr\/wp-content\/uploads\/2025\/06\/engrenage-e1760199353841.jpg\",\"contentUrl\":\"https:\/\/adnormae.fr\/wp-content\/uploads\/2025\/06\/engrenage-e1760199353841.jpg\",\"width\":1472,\"height\":375},{\"@type\":\"BreadcrumbList\",\"@id\":\"https:\/\/adnormae.fr\/index.php\/pourquoi-collaborer-ensemble\/#breadcrumb\",\"itemListElement\":[{\"@type\":\"ListItem\",\"position\":1,\"name\":\"Accueil\",\"item\":\"https:\/\/adnormae.fr\/\"},{\"@type\":\"ListItem\",\"position\":2,\"name\":\"Nos prestations\"}]},{\"@type\":\"WebSite\",\"@id\":\"https:\/\/adnormae.fr\/#website\",\"url\":\"https:\/\/adnormae.fr\/\",\"name\":\"Fabien Perez\",\"description\":\"Conseil, Assistance, Transition et Formation en Homologation et Certification Produits et Solutions et en Veille Normative \",\"publisher\":{\"@id\":\"https:\/\/adnormae.fr\/#organization\"},\"potentialAction\":[{\"@type\":\"SearchAction\",\"target\":{\"@type\":\"EntryPoint\",\"urlTemplate\":\"https:\/\/adnormae.fr\/?s={search_term_string}\"},\"query-input\":{\"@type\":\"PropertyValueSpecification\",\"valueRequired\":true,\"valueName\":\"search_term_string\"}}],\"inLanguage\":\"fr-FR\"},{\"@type\":\"Organization\",\"@id\":\"https:\/\/adnormae.fr\/#organization\",\"name\":\"Fabien Perez\",\"url\":\"https:\/\/adnormae.fr\/\",\"logo\":{\"@type\":\"ImageObject\",\"inLanguage\":\"fr-FR\",\"@id\":\"https:\/\/adnormae.fr\/#\/schema\/logo\/image\/\",\"url\":\"https:\/\/adnormae.fr\/wp-content\/uploads\/2025\/03\/cropped-Logo-et-Baseline-complets.png\",\"contentUrl\":\"https:\/\/adnormae.fr\/wp-content\/uploads\/2025\/03\/cropped-Logo-et-Baseline-complets.png\",\"width\":1631,\"height\":612,\"caption\":\"Fabien Perez\"},\"image\":{\"@id\":\"https:\/\/adnormae.fr\/#\/schema\/logo\/image\/\"}}]}<\/script>\n<!-- \/ Yoast SEO plugin. -->","yoast_head_json":{"title":"Nos prestations - Fabien Perez","description":"Une collaboration avec Ad Normae s'articule autour de trois missions types : Certification\/Homologation | Management de projet normatif | Veille normative","robots":{"index":"index","follow":"follow","max-snippet":"max-snippet:-1","max-image-preview":"max-image-preview:large","max-video-preview":"max-video-preview:-1"},"canonical":"https:\/\/adnormae.fr\/index.php\/pourquoi-collaborer-ensemble\/","og_locale":"fr_FR","og_type":"article","og_title":"Nos prestations - Fabien Perez","og_description":"Une collaboration avec Ad Normae s'articule autour de trois missions types : Certification\/Homologation | Management de projet normatif | Veille normative","og_url":"https:\/\/adnormae.fr\/index.php\/pourquoi-collaborer-ensemble\/","og_site_name":"Fabien Perez","article_modified_time":"2025-12-19T16:39:51+00:00","og_image":[{"width":1472,"height":375,"url":"https:\/\/adnormae.fr\/wp-content\/uploads\/2025\/06\/engrenage-e1760199353841.jpg","type":"image\/jpeg"}],"twitter_card":"summary_large_image","twitter_misc":{"Dur\u00e9e de lecture estim\u00e9e":"4 minutes"},"schema":{"@context":"https:\/\/schema.org","@graph":[{"@type":"WebPage","@id":"https:\/\/adnormae.fr\/index.php\/pourquoi-collaborer-ensemble\/","url":"https:\/\/adnormae.fr\/index.php\/pourquoi-collaborer-ensemble\/","name":"Nos prestations - Fabien Perez","isPartOf":{"@id":"https:\/\/adnormae.fr\/#website"},"primaryImageOfPage":{"@id":"https:\/\/adnormae.fr\/index.php\/pourquoi-collaborer-ensemble\/#primaryimage"},"image":{"@id":"https:\/\/adnormae.fr\/index.php\/pourquoi-collaborer-ensemble\/#primaryimage"},"thumbnailUrl":"https:\/\/adnormae.fr\/wp-content\/uploads\/2025\/06\/engrenage-e1760199353841.jpg","datePublished":"2025-06-01T16:10:28+00:00","dateModified":"2025-12-19T16:39:51+00:00","description":"Une collaboration avec Ad Normae s'articule autour de trois missions types : Certification\/Homologation | Management de projet normatif | Veille normative","breadcrumb":{"@id":"https:\/\/adnormae.fr\/index.php\/pourquoi-collaborer-ensemble\/#breadcrumb"},"inLanguage":"fr-FR","potentialAction":[{"@type":"ReadAction","target":["https:\/\/adnormae.fr\/index.php\/pourquoi-collaborer-ensemble\/"]}]},{"@type":"ImageObject","inLanguage":"fr-FR","@id":"https:\/\/adnormae.fr\/index.php\/pourquoi-collaborer-ensemble\/#primaryimage","url":"https:\/\/adnormae.fr\/wp-content\/uploads\/2025\/06\/engrenage-e1760199353841.jpg","contentUrl":"https:\/\/adnormae.fr\/wp-content\/uploads\/2025\/06\/engrenage-e1760199353841.jpg","width":1472,"height":375},{"@type":"BreadcrumbList","@id":"https:\/\/adnormae.fr\/index.php\/pourquoi-collaborer-ensemble\/#breadcrumb","itemListElement":[{"@type":"ListItem","position":1,"name":"Accueil","item":"https:\/\/adnormae.fr\/"},{"@type":"ListItem","position":2,"name":"Nos prestations"}]},{"@type":"WebSite","@id":"https:\/\/adnormae.fr\/#website","url":"https:\/\/adnormae.fr\/","name":"Fabien Perez","description":"Conseil, Assistance, Transition et Formation en Homologation et Certification Produits et Solutions et en Veille Normative ","publisher":{"@id":"https:\/\/adnormae.fr\/#organization"},"potentialAction":[{"@type":"SearchAction","target":{"@type":"EntryPoint","urlTemplate":"https:\/\/adnormae.fr\/?s={search_term_string}"},"query-input":{"@type":"PropertyValueSpecification","valueRequired":true,"valueName":"search_term_string"}}],"inLanguage":"fr-FR"},{"@type":"Organization","@id":"https:\/\/adnormae.fr\/#organization","name":"Fabien Perez","url":"https:\/\/adnormae.fr\/","logo":{"@type":"ImageObject","inLanguage":"fr-FR","@id":"https:\/\/adnormae.fr\/#\/schema\/logo\/image\/","url":"https:\/\/adnormae.fr\/wp-content\/uploads\/2025\/03\/cropped-Logo-et-Baseline-complets.png","contentUrl":"https:\/\/adnormae.fr\/wp-content\/uploads\/2025\/03\/cropped-Logo-et-Baseline-complets.png","width":1631,"height":612,"caption":"Fabien Perez"},"image":{"@id":"https:\/\/adnormae.fr\/#\/schema\/logo\/image\/"}}]}},"jetpack_sharing_enabled":true,"_links":{"self":[{"href":"https:\/\/adnormae.fr\/index.php\/wp-json\/wp\/v2\/pages\/78","targetHints":{"allow":["GET"]}}],"collection":[{"href":"https:\/\/adnormae.fr\/index.php\/wp-json\/wp\/v2\/pages"}],"about":[{"href":"https:\/\/adnormae.fr\/index.php\/wp-json\/wp\/v2\/types\/page"}],"author":[{"embeddable":true,"href":"https:\/\/adnormae.fr\/index.php\/wp-json\/wp\/v2\/users\/1"}],"replies":[{"embeddable":true,"href":"https:\/\/adnormae.fr\/index.php\/wp-json\/wp\/v2\/comments?post=78"}],"version-history":[{"count":6,"href":"https:\/\/adnormae.fr\/index.php\/wp-json\/wp\/v2\/pages\/78\/revisions"}],"predecessor-version":[{"id":166,"href":"https:\/\/adnormae.fr\/index.php\/wp-json\/wp\/v2\/pages\/78\/revisions\/166"}],"wp:featuredmedia":[{"embeddable":true,"href":"https:\/\/adnormae.fr\/index.php\/wp-json\/wp\/v2\/media\/85"}],"wp:attachment":[{"href":"https:\/\/adnormae.fr\/index.php\/wp-json\/wp\/v2\/media?parent=78"}],"curies":[{"name":"wp","href":"https:\/\/api.w.org\/{rel}","templated":true}]}}